{"id":124,"date":"2022-08-04T18:20:59","date_gmt":"2022-08-04T18:20:59","guid":{"rendered":"https:\/\/www.sklep.wwagencja.pl\/?page_id=124"},"modified":"2022-08-04T18:21:26","modified_gmt":"2022-08-04T18:21:26","slug":"polityka-prywatnosci","status":"publish","type":"page","link":"https:\/\/www.sklep.wwagencja.pl\/index.php\/polityka-prywatnosci\/","title":{"rendered":"Polityka Prywatno\u015bci"},"content":{"rendered":"\t\t<div data-elementor-type=\"wp-page\" data-elementor-id=\"124\" class=\"elementor elementor-124\">\n\t\t\t\t\t\t<section class=\"elementor-section elementor-top-section elementor-element elementor-element-7eb646d elementor-section-boxed elementor-section-height-default elementor-section-height-default\" data-id=\"7eb646d\" data-element_type=\"section\">\n\t\t\t\t\t\t<div class=\"elementor-container elementor-column-gap-default\">\n\t\t\t\t\t<div class=\"elementor-column elementor-col-100 elementor-top-column elementor-element elementor-element-d1608aa\" data-id=\"d1608aa\" data-element_type=\"column\">\n\t\t\t<div class=\"elementor-widget-wrap elementor-element-populated\">\n\t\t\t\t\t\t<div class=\"elementor-element elementor-element-aa22fab elementor-widget elementor-widget-text-editor\" data-id=\"aa22fab\" data-element_type=\"widget\" data-widget_type=\"text-editor.default\">\n\t\t\t\t<div class=\"elementor-widget-container\">\n\t\t\t<style>\/*! elementor - v3.23.0 - 05-08-2024 *\/\n.elementor-widget-text-editor.elementor-drop-cap-view-stacked .elementor-drop-cap{background-color:#69727d;color:#fff}.elementor-widget-text-editor.elementor-drop-cap-view-framed .elementor-drop-cap{color:#69727d;border:3px solid;background-color:transparent}.elementor-widget-text-editor:not(.elementor-drop-cap-view-default) .elementor-drop-cap{margin-top:8px}.elementor-widget-text-editor:not(.elementor-drop-cap-view-default) .elementor-drop-cap-letter{width:1em;height:1em}.elementor-widget-text-editor .elementor-drop-cap{float:left;text-align:center;line-height:1;font-size:50px}.elementor-widget-text-editor .elementor-drop-cap-letter{display:inline-block}<\/style>\t\t\t\t<p>Polityka prywatno\u015bci:<o:p><\/o:p><\/p><p>Dokument zawiera zasady przetwarzania danych osobowych oraz\nwykorzystywania plik\u00f3w cookie w zwi\u0105zku z korzystaniem ze strony\nwww.sklep.wwagencja.pl.<o:p><\/o:p><\/p><p style=\"text-align:justify;text-indent:-18.0pt;\nmso-list:l0 level1 lfo2\"><!--[if !supportLists]-->1.<span style=\"font-variant-numeric: normal; font-variant-east-asian: normal; font-stretch: normal; font-size: 7pt; line-height: normal; font-family: &quot;Times New Roman&quot;;\">&nbsp;&nbsp;&nbsp;&nbsp;&nbsp;&nbsp; <\/span><!--[endif]-->Administratorem\ndanych osobowych jest W&amp;W Security sp. z o.o., ul. \u017bo\u0142nierzy Niepodleg\u0142ej\n5\/2, 20-078 Lublin, wpisana do rejestru przedsi\u0119biorc\u00f3w w S\u0105dzie Rejonowym\nLublin-Wsch\u00f3d w Lublinie z siedzib\u0105&nbsp; w\n\u015awidniku VI Wydzia\u0142 Gospodarczy Krajowego Rejestru S\u0105dowego, NIP:\n7123425628,&nbsp; REGON: 52022275500000. Dane\nkontaktowe: <a href=\"mailto:biuro@wwagencja.pl\"><span style=\"mso-bidi-font-family:\nCalibri;mso-bidi-theme-font:minor-latin;color:windowtext\">biuro@wwagencja.pl<\/span><\/a>.<\/p><p style=\"text-align:justify;text-indent:-18.0pt;\nmso-list:l0 level1 lfo2\"><!--[if !supportLists]-->2.<span style=\"font-variant-numeric: normal; font-variant-east-asian: normal; font-stretch: normal; font-size: 7pt; line-height: normal; font-family: &quot;Times New Roman&quot;;\">&nbsp;&nbsp;&nbsp;&nbsp;&nbsp;&nbsp; <\/span><!--[endif]-->Inspektorem\nochrony danych jest \u0141ukasz Wiszniewski. Z Inspektorem mo\u017cna si\u0119 skontaktowa\u0107\npoprzez adres e-mail: biuro@wwagencja.pl, telefonicznie pod numerem +48 532 532\n007 lub pisemnie pisz\u0105c na adres Lublin 20-078, ul. \u017bo\u0142nierzy Niepodleg\u0142ej 5\/2.<\/p><p style=\"text-align:justify;text-indent:-18.0pt;\nmso-list:l0 level1 lfo2\"><!--[if !supportLists]-->3.<span style=\"font-variant-numeric: normal; font-variant-east-asian: normal; font-stretch: normal; font-size: 7pt; line-height: normal; font-family: &quot;Times New Roman&quot;;\">&nbsp;&nbsp;&nbsp;&nbsp;&nbsp;&nbsp; <\/span><!--[endif]-->Cel,\npodstawy prawne oraz zakres przetwarzania danych osobowych przez Administratora:\n<o:p><\/o:p><\/p><p style=\"margin-left:90.0pt;mso-add-space:\nauto;text-align:justify;text-indent:-18.0pt;mso-list:l1 level2 lfo1\"><!--[if !supportLists]--><span style=\"mso-bidi-font-family:Calibri;mso-bidi-theme-font:minor-latin;color:black;\nmso-themecolor:text1\">1)<span style=\"font-variant-numeric: normal; font-variant-east-asian: normal; font-stretch: normal; font-size: 7pt; line-height: normal; font-family: &quot;Times New Roman&quot;;\">&nbsp;&nbsp;&nbsp;&nbsp;&nbsp;\n<\/span><\/span><!--[endif]-->Dane uzyskane w procesie zak\u0142adania konta \u2013 adres\nmailowy, has\u0142o, nazwa u\u017cytkownika. Celem za\u0142o\u017cenia konta i jego prowadzenia.\nPodanie danych jest dobrowolne, ale niezb\u0119dne do za\u0142o\u017cenia konta. W ramach\nedycji profilu u\u017cytkownik mo\u017ce poda\u0107 dalej id\u0105ce dane na sw\u00f3j temat, tj. adres\ndo wysy\u0142ki. Podanie danych jest ca\u0142kowicie dobrowolne cho\u0107 niezb\u0119dne do\nzrealizowania zam\u00f3wienia. Podstaw\u0105 prawn\u0105 przetwarzania danych jest zgoda osoby\nzak\u0142adaj\u0105cej konto wyra\u017cona w trakcie procesu zak\u0142adania konta \u2013 art. 6 ust. 1\nlit. b RODO.<br>\nDane s\u0105 przechowywane tak d\u0142ugo jak d\u0142ugo osoba b\u0119dzie posiada\u0107 konto.<br>\nZ dniem usuni\u0119cia konta, dane zostan\u0105 usuni\u0119te z bazy.<o:p><\/o:p><\/p><p style=\"margin-left:90.0pt;mso-add-space:\nauto;text-align:justify;text-indent:-18.0pt;mso-list:l1 level2 lfo1\"><!--[if !supportLists]--><span style=\"mso-bidi-font-family:Calibri;mso-bidi-theme-font:minor-latin;color:black;\nmso-themecolor:text1\">2)<span style=\"font-variant-numeric: normal; font-variant-east-asian: normal; font-stretch: normal; font-size: 7pt; line-height: normal; font-family: &quot;Times New Roman&quot;;\">&nbsp;&nbsp;&nbsp;&nbsp;&nbsp;\n<\/span><\/span><!--[endif]-->Dane uzyskane w trakcie zawarcia umowy\nsprzeda\u017cy \u2013 Imi\u0119, Nazwisko i\/lub nazwa firmy, nip w przypadku firm, adres do\nwysy\u0142ki(ulica numer lokalu i budynku, kod pocztowy, miasto, numer telefonu,\nadres mailowy), celem realizacji zam\u00f3wienia Podanie danych jest dobrowolne, ale\nniezb\u0119dne do z\u0142o\u017cenia zam\u00f3wienia. Podstaw\u0105 prawn\u0105 przetwarzania danych jest\nzgoda osoby zawieraj\u0105cej umow\u0119 sprzeda\u017cy &#8211;<br>\nart. 6 ust. 1 lit. b RODO. Dane pozyskane w trakcie zawierania umowy sprzeda\u017cy\nb\u0119d\u0105 przetwarzane przez czas niezb\u0119dny do realizacji zam\u00f3wienia, a nast\u0119pnie do\nczasu up\u0142ywu terminu przedawnienia roszcze\u0144 z tytu\u0142u zawartej umowy<br>\nW przypadku danych umieszczonych na fakturze, czas ich przechowywania jest\nokre\u015blony ustawowo i wynosi 5 lat licz\u0105c od ko\u0144ca roku podatkowego, w kt\u00f3rym\npowsta\u0142 obowi\u0105zek podatkowy.<o:p><\/o:p><\/p><p style=\"margin-left:90.0pt;mso-add-space:\nauto;text-align:justify;text-indent:-18.0pt;mso-list:l1 level2 lfo1\"><!--[if !supportLists]--><span style=\"mso-bidi-font-family:Calibri;mso-bidi-theme-font:minor-latin;color:black;\nmso-themecolor:text1\">3)<span style=\"font-variant-numeric: normal; font-variant-east-asian: normal; font-stretch: normal; font-size: 7pt; line-height: normal; font-family: &quot;Times New Roman&quot;;\">&nbsp;&nbsp;&nbsp;&nbsp;&nbsp;\n<\/span><\/span><!--[endif]-->Dane uzyskane w procesie reklamacji, odst\u0105pienia\nod umowy \u2013 imi\u0119, nazwisko, adres do korespondencji, numer telefonu, adres\ne-mail podane przez osob\u0119 dokonuj\u0105c\u0105 zg\u0142oszenia reklamacji, (jakie\u015b inne\ndane??) celem realizacji procedury reklamacji lub odst\u0105pienia od umowy &#8211; art. 6\nust. 1 lit. c RODO. Dane pozyskane w trakcie reklamacji lub odst\u0105pienia od\numowy b\u0119d\u0105 przetwarzane przez czas przeprowadzenia procedury reklamacji lub\nodst\u0105pienia od umowy. Dane b\u0119d\u0105 przechowywane do czasu przedawnienia roszcze\u0144 z\ntytu\u0142u zawartej umowy.<o:p><\/o:p><\/p><p style=\"margin-left:90.0pt;mso-add-space:\nauto;text-align:justify;text-indent:-18.0pt;mso-list:l1 level2 lfo1\"><!--[if !supportLists]--><span style=\"mso-bidi-font-family:Calibri;mso-bidi-theme-font:minor-latin;color:black;\nmso-themecolor:text1\">4)<span style=\"font-variant-numeric: normal; font-variant-east-asian: normal; font-stretch: normal; font-size: 7pt; line-height: normal; font-family: &quot;Times New Roman&quot;;\">&nbsp;&nbsp;&nbsp;&nbsp;&nbsp;\n<\/span><\/span><!--[endif]-->Dane uzyskane poprzez kontakt e-mail \u2013 adres\nemail z jakiego wys\u0142ano do Administratora wiadomo\u015b\u0107 i inne dane przekazane w\nwiadomo\u015bci, celem udzielenia odpowiedzi na otrzymany e-mail &#8211; podstawa prawna\nart. 6 ust. 1 lit. a RODO. Po zako\u0144czeniu prowadzenia korespondencji podstaw\u0105\ndo jej dalszego przetwarzania jest usprawiedliwiony cel w postaci archiwizacji\nkorespondencji na potrzeby wewn\u0119trzne &#8211; art. 6 ust. 1 lit. c RODO. <o:p><\/o:p><\/p><p style=\"text-align:justify;text-indent:-18.0pt;\nmso-list:l0 level1 lfo2\"><!--[if !supportLists]-->4.<span style=\"font-variant-numeric: normal; font-variant-east-asian: normal; font-stretch: normal; font-size: 7pt; line-height: normal; font-family: &quot;Times New Roman&quot;;\">&nbsp;&nbsp;&nbsp;&nbsp;&nbsp;&nbsp; <\/span><!--[endif]-->Uprawnienia\nprzys\u0142uguj\u0105ce osobie, kt\u00f3rej dane s\u0105 przetwarzane. <o:p><\/o:p><\/p><p style=\"margin-left:72.0pt;mso-add-space:\nauto;text-align:justify;text-indent:-18.0pt;mso-list:l0 level2 lfo2\"><!--[if !supportLists]-->a.<span style=\"font-variant-numeric: normal; font-variant-east-asian: normal; font-stretch: normal; font-size: 7pt; line-height: normal; font-family: &quot;Times New Roman&quot;;\">&nbsp;&nbsp;&nbsp;&nbsp;&nbsp;&nbsp;\n<\/span><!--[endif]-->prawo dost\u0119pu do\ndanych osobowych;<o:p><\/o:p><\/p><p style=\"margin-left:72.0pt;mso-add-space:\nauto;text-align:justify;text-indent:-18.0pt;mso-list:l0 level2 lfo2\"><!--[if !supportLists]-->b.<span style=\"font-variant-numeric: normal; font-variant-east-asian: normal; font-stretch: normal; font-size: 7pt; line-height: normal; font-family: &quot;Times New Roman&quot;;\">&nbsp;&nbsp;&nbsp;&nbsp;&nbsp;&nbsp;\n<\/span><!--[endif]-->prawo do sprostowania\ndanych osobowych;<o:p><\/o:p><\/p><p style=\"margin-left:72.0pt;mso-add-space:\nauto;text-align:justify;text-indent:-18.0pt;mso-list:l0 level2 lfo2\"><!--[if !supportLists]-->c.<span style=\"font-variant-numeric: normal; font-variant-east-asian: normal; font-stretch: normal; font-size: 7pt; line-height: normal; font-family: &quot;Times New Roman&quot;;\">&nbsp;&nbsp;&nbsp;&nbsp;&nbsp;&nbsp;\n<\/span><!--[endif]-->prawo do usuni\u0119cia\ndanych osobowych;<o:p><\/o:p><\/p><p style=\"margin-left:72.0pt;mso-add-space:\nauto;text-align:justify;text-indent:-18.0pt;mso-list:l0 level2 lfo2\"><!--[if !supportLists]-->d.<span style=\"font-variant-numeric: normal; font-variant-east-asian: normal; font-stretch: normal; font-size: 7pt; line-height: normal; font-family: &quot;Times New Roman&quot;;\">&nbsp;&nbsp;&nbsp;&nbsp;&nbsp;&nbsp;\n<\/span><!--[endif]-->prawo do ograniczenia\nprzetwarzania danych osobowych;<o:p><\/o:p><\/p><p style=\"margin-left:72.0pt;mso-add-space:\nauto;text-align:justify;text-indent:-18.0pt;mso-list:l0 level2 lfo2\"><!--[if !supportLists]-->e.<span style=\"font-variant-numeric: normal; font-variant-east-asian: normal; font-stretch: normal; font-size: 7pt; line-height: normal; font-family: &quot;Times New Roman&quot;;\">&nbsp;&nbsp;&nbsp;&nbsp;&nbsp;&nbsp;\n<\/span><!--[endif]-->prawo do wniesienia\nsprzeciwu co do przetwarzania danych osobowych;<o:p><\/o:p><\/p><p style=\"margin-left:72.0pt;mso-add-space:\nauto;text-align:justify;text-indent:-18.0pt;mso-list:l0 level2 lfo2\"><!--[if !supportLists]-->f.<span style=\"font-variant-numeric: normal; font-variant-east-asian: normal; font-stretch: normal; font-size: 7pt; line-height: normal; font-family: &quot;Times New Roman&quot;;\">&nbsp;&nbsp;&nbsp;&nbsp;&nbsp;&nbsp;&nbsp;\n<\/span><!--[endif]-->prawo do przenoszenia\ndanych;<o:p><\/o:p><\/p><p style=\"margin-left:72.0pt;mso-add-space:\nauto;text-align:justify;text-indent:-18.0pt;mso-list:l0 level2 lfo2\"><!--[if !supportLists]-->g.<span style=\"font-variant-numeric: normal; font-variant-east-asian: normal; font-stretch: normal; font-size: 7pt; line-height: normal; font-family: &quot;Times New Roman&quot;;\">&nbsp;&nbsp;&nbsp;&nbsp;&nbsp;&nbsp;\n<\/span><!--[endif]-->prawo do wniesienia\nskargi do organu nadzorczego;<o:p><\/o:p><\/p><p style=\"margin-left:72.0pt;mso-add-space:auto;\ntext-align:justify;text-indent:-18.0pt;mso-list:l0 level2 lfo2\"><!--[if !supportLists]--><span style=\"font-family:&quot;Calibri Light&quot;,sans-serif;mso-ascii-theme-font:major-latin;\nmso-fareast-font-family:&quot;Calibri Light&quot;;mso-fareast-theme-font:major-latin;\nmso-hansi-theme-font:major-latin;mso-bidi-theme-font:major-latin\">h.<span style=\"font-variant-numeric: normal; font-variant-east-asian: normal; font-stretch: normal; font-size: 7pt; line-height: normal; font-family: &quot;Times New Roman&quot;;\">&nbsp;&nbsp;&nbsp;&nbsp;&nbsp;&nbsp;\n<\/span><\/span><!--[endif]-->prawo do odwo\u0142ania\nzgody na przetwarzanie danych osobowych, je\u017celi taka zgoda zosta\u0142a wyra\u017cona<span style=\"font-family:&quot;Calibri Light&quot;,sans-serif;mso-ascii-theme-font:major-latin;\nmso-hansi-theme-font:major-latin;mso-bidi-theme-font:major-latin;mso-fareast-language:\nPL\">.<\/span><span style=\"font-family:&quot;Calibri Light&quot;,sans-serif;mso-ascii-theme-font:\nmajor-latin;mso-hansi-theme-font:major-latin;mso-bidi-theme-font:major-latin\"><o:p><\/o:p><\/span><\/p><p>\n\n\n\n\n\n\n\n\n\n\n\n\n\n\n\n\n\n\n\n\n\n\n\n\n\n\n\n\n\n\n\n\n\n\n\n\n\n\n\n<\/p><p style=\"text-align:justify\">&nbsp;<o:p><\/o:p><\/p>\t\t\t\t\t\t<\/div>\n\t\t\t\t<\/div>\n\t\t\t\t\t<\/div>\n\t\t<\/div>\n\t\t\t\t\t<\/div>\n\t\t<\/section>\n\t\t\t\t<\/div>\n\t\t","protected":false},"excerpt":{"rendered":"<p>Polityka prywatno\u015bci: Dokument zawiera zasady przetwarzania danych osobowych oraz wykorzystywania plik\u00f3w cookie w zwi\u0105zku z korzystaniem ze strony www.sklep.wwagencja.pl. 1.&nbsp;&nbsp;&nbsp;&nbsp;&nbsp;&nbsp; Administratorem danych osobowych jest W&amp;W Security sp. z o.o., ul. \u017bo\u0142nierzy Niepodleg\u0142ej 5\/2, 20-078 Lublin, wpisana do rejestru przedsi\u0119biorc\u00f3w w S\u0105dzie Rejonowym Lublin-Wsch\u00f3d w Lublinie z siedzib\u0105&nbsp; w \u015awidniku VI Wydzia\u0142 Gospodarczy Krajowego Rejestru S\u0105dowego, [&hellip;]<\/p>\n","protected":false},"author":1,"featured_media":0,"parent":0,"menu_order":0,"comment_status":"closed","ping_status":"closed","template":"","meta":[],"_links":{"self":[{"href":"https:\/\/www.sklep.wwagencja.pl\/index.php\/wp-json\/wp\/v2\/pages\/124"}],"collection":[{"href":"https:\/\/www.sklep.wwagencja.pl\/index.php\/wp-json\/wp\/v2\/pages"}],"about":[{"href":"https:\/\/www.sklep.wwagencja.pl\/index.php\/wp-json\/wp\/v2\/types\/page"}],"author":[{"embeddable":true,"href":"https:\/\/www.sklep.wwagencja.pl\/index.php\/wp-json\/wp\/v2\/users\/1"}],"replies":[{"embeddable":true,"href":"https:\/\/www.sklep.wwagencja.pl\/index.php\/wp-json\/wp\/v2\/comments?post=124"}],"version-history":[{"count":4,"href":"https:\/\/www.sklep.wwagencja.pl\/index.php\/wp-json\/wp\/v2\/pages\/124\/revisions"}],"predecessor-version":[{"id":128,"href":"https:\/\/www.sklep.wwagencja.pl\/index.php\/wp-json\/wp\/v2\/pages\/124\/revisions\/128"}],"wp:attachment":[{"href":"https:\/\/www.sklep.wwagencja.pl\/index.php\/wp-json\/wp\/v2\/media?parent=124"}],"curies":[{"name":"wp","href":"https:\/\/api.w.org\/{rel}","templated":true}]}}