{"id":76,"date":"2022-04-06T10:36:26","date_gmt":"2022-04-06T10:36:26","guid":{"rendered":"https:\/\/www.sklep.wwagencja.pl\/?post_type=product&#038;p=76"},"modified":"2023-01-11T15:41:29","modified_gmt":"2023-01-11T15:41:29","slug":"kieszonkowy-dyktafon-uh-r01-2","status":"publish","type":"product","link":"https:\/\/www.sklep.wwagencja.pl\/index.php\/produkt\/kieszonkowy-dyktafon-uh-r01-2\/","title":{"rendered":"Kieszonkowy dyktafon &#8211; UH-R01"},"content":{"rendered":"<p>Kieszonkowy dyktafon UH-R01 jest ma\u0142ym, ale za to niezwykle wydajnym dyktafonem ukrytym w pami\u0119ci USB. Ten kieszonkowy dyktafon pozwala na <strong>a\u017c 20 h ci\u0105g\u0142ej rejestracji<\/strong>. Dyktafon wyposa\u017cony jest w modu\u0142 VOX , dzi\u0119ki niemu dyktafon nagrywa tylko wtedy, kiedy w otoczeniu wykryje jaki\u015b d\u017awi\u0119k. Innymi s\u0142owy nie nagrywa ciszy!, ponad to dyktafon UH-R01 posiada wej\u015bcie na karty micro sd dzi\u0119ki czemu w s\u0105dzie zawsze b\u0119dziemy mieli oddzielny no\u015bnik na oryginalne nagrania.\u00a0 Dyktafon UH-R01 jest idealnym dyktafonem do dyskretnego monitorowania biura, niani, pracownik\u00f3w czy ma\u0142\u017conka.<\/p>\n<div id=\"opis\" class=\"widoczna tz_opis\">\n<div>\n<div class=\"alert alert-warning d-flex align-items-center\" role=\"alert\">\n<div>Uwaga: dyktafon nie ma w\u0142asnej pami\u0119ci wbudowanej, wymaga w\u0142o\u017cenia karty Micro SD 32 lub 64 GB aby poprawnie nagrywa\u0107.<\/div>\n<\/div>\n<p>Dyktafon jest\u00a0<strong>prosty w obs\u0142udze<\/strong>\u00a0&#8211; w celu rozpocz\u0119cia nagrania wystarczy przesun\u0105\u0107 prze\u0142\u0105cznik znajduj\u0105cy w dolnej cz\u0119sci\u00a0obudowy. Dzi\u0119ki niewielkim wymiarom urz\u0105dzenie jest \u0142atwe do ukrycia w wielu r\u00f3\u017cnych miejscach.\u00a0<strong>Bardzo dobry kamufla\u017c<\/strong>\u00a0pozwala na dyskretne nagrywanie bez wzbudzania podejrze\u0144 os\u00f3b postronnych.<\/p>\n<div class=\"alert alert-primary d-flex align-items-center\" role=\"alert\">\n<div>Dla lepszej jako\u015bci odbioru nagranego materia\u0142u zalecamy zgranie nagrania na komputer i ods\u0142uchiwanie go za pomoc\u0105 dobrych g\u0142o\u015bnik\u00f3w lub s\u0142uchawek. G\u0142o\u015bniki w laptopie mog\u0105 okaza\u0107 si\u0119 niewystarczaj\u0105ce.<\/div>\n<\/div>\n<\/div>\n<div class=\"ikony2\">\n<div class=\"ikona2\">\n<div class=\"iko\"><i class=\"bi bi-mic\">\u00a0Dane techniczne:<\/i><\/div>\n<div class=\"iko-tytul\">czu\u0142o\u015b\u0107 mikrofonu:<\/div>\n<div class=\"iko-opis\">\n<ul>\n<li>do 5 &#8211; 7 m<\/li>\n<\/ul>\n<\/div>\n<\/div>\n<div class=\"ikona2\">\n<div class=\"iko-tytul\">format nagra\u0144:<\/div>\n<div class=\"iko-opis\">\n<ul>\n<li>WAV (skompresowany)<\/li>\n<\/ul>\n<\/div>\n<\/div>\n<div class=\"ikona2\">\n<div class=\"iko-tytul\">detekcja g\u0142osu:<\/div>\n<div class=\"iko-opis\">\n<ul>\n<li>rejestrator przechodzi w stan czuwania po wykryciu ciszy<\/li>\n<\/ul>\n<\/div>\n<\/div>\n<p><i class=\"bi bi-battery-half\"><\/i><\/p>\n<div class=\"ikona2\">\n<div class=\"iko-tytul\">czas pracy:<\/div>\n<div class=\"iko-opis\">\n<ul>\n<li>do 9 h\u00a0ci\u0105g\u0142ego\u00a0nagrywania na akumulatorze<\/li>\n<li>do 16\u00a0h nagrywania w detekcji g\u0142osu<\/li>\n<li>do 24 h czuwania<\/li>\n<li>do zape\u0142niania pami\u0119ci przy zasilaniu USB<\/li>\n<\/ul>\n<\/div>\n<\/div>\n<p><i class=\"bi bi-lightning-charge\"><\/i><\/p>\n<div class=\"ikona2\">\n<div class=\"iko-tytul\">zasilanie:<\/div>\n<div class=\"iko-opis\">\n<ul>\n<li>wbudowany akumulator li-ion 3,7V<\/li>\n<li>\u0142adowanie z gniazda USB 5V<\/li>\n<li>\u0142adowarka sieciowa (opcja)<\/li>\n<li>\u0142adowarka samochodowa (opcja)<\/li>\n<li>\u0142adownaie z powerbanku (opcja)<\/li>\n<\/ul>\n<\/div>\n<\/div>\n<div class=\"ikona2\">\n<div class=\"iko-tytul\">zaj\u0119to\u015b\u0107:<\/div>\n<div class=\"iko-opis\">\n<ul>\n<li>1 h nagrania = oko\u0142o 80\u00a0MB<\/li>\n<li>oko\u0142o 100\u00a0h nagrania (pami\u0119\u0107 8 GB)<\/li>\n<\/ul>\n<\/div>\n<\/div>\n<p><i class=\"bi bi-sd-card\"><\/i><\/p>\n<div class=\"ikona2\">\n<div class=\"iko-tytul\">pami\u0119\u0107:<\/div>\n<div class=\"iko-opis\">\n<ul>\n<li>czytnik kart pami\u0119ci<\/li>\n<li>obs\u0142uga kart do 64 GB<\/li>\n<\/ul>\n<\/div>\n<\/div>\n<p><i class=\"bi bi-calendar-date\"><\/i><\/p>\n<div class=\"ikona2\">\n<div class=\"iko-tytul\">datownik:<\/div>\n<div class=\"iko-opis\">\n<ul>\n<li>mo\u017cliwo\u015b\u0107 ustawienia daty i godziny na pocz\u0105tku nagrania<\/li>\n<li>urz\u0105dzenie nie ma wbudowanego zegarka i nie mierzy czasu jak jest wy\u0142\u0105czone. Czas nale\u017cy ustawi\u0107 przed ka\u017cdym nagraniem.<\/li>\n<\/ul>\n<\/div>\n<\/div>\n<p><i class=\"bi bi-app-indicator\"><\/i><\/p>\n<div class=\"ikona2\">\n<div class=\"iko-tytul\">sygnalizacja:<\/div>\n<div class=\"iko-opis\">\n<ul>\n<li>dyskretna sygnalizacja rozpocz\u0119cia nagrywania migni\u0119ciem diody<\/li>\n<li>nic nie \u015bwieci podczas nagrywania<\/li>\n<\/ul>\n<\/div>\n<\/div>\n<p><i class=\"bi bi-layout-wtf\"><\/i><\/p>\n<div class=\"ikona2\">\n<div class=\"iko-tytul\">konstrukcja:<\/div>\n<div class=\"iko-opis\">\n<ul>\n<li>dyktafon wygl\u0105da jak ma\u0142y pendrive<\/li>\n<\/ul>\n<\/div>\n<\/div>\n<p><i class=\"bi bi-rulers\"><\/i><\/p>\n<div class=\"ikona2\">\n<div class=\"iko-tytul\">wymiary:<\/div>\n<div class=\"iko-opis\">\n<ul>\n<li>49 x 21\u00a0x 9\u00a0mm<\/li>\n<\/ul>\n<\/div>\n<\/div>\n<p><i class=\"bi bi-save\"><\/i><\/p>\n<div class=\"ikona2\">\n<div class=\"iko-tytul\">waga:<\/div>\n<div class=\"iko-opis\">\n<ul>\n<li>10,0\u00a0g<\/li>\n<\/ul>\n<\/div>\n<\/div>\n<\/div>\n<\/div>\n<div class=\"widoczna tz_opis\"><b>Zestaw zawiera:<\/b><\/p>\n<ul>\n<li>dyktafon w postaci czytnika pendrive<\/li>\n<li>instrukcj\u0119 obs\u0142ugi<\/li>\n<\/ul>\n<\/div>\n","protected":false},"excerpt":{"rendered":"<p>Kieszonkowy dyktafon UH-R01 jest ma\u0142ym, ale za to niezwykle wydajnym dyktafonem ukrytym w pami\u0119ci USB.<\/p>\n","protected":false},"featured_media":86,"comment_status":"open","ping_status":"closed","template":"","meta":[],"product_cat":[16],"product_tag":[],"_links":{"self":[{"href":"https:\/\/www.sklep.wwagencja.pl\/index.php\/wp-json\/wp\/v2\/product\/76"}],"collection":[{"href":"https:\/\/www.sklep.wwagencja.pl\/index.php\/wp-json\/wp\/v2\/product"}],"about":[{"href":"https:\/\/www.sklep.wwagencja.pl\/index.php\/wp-json\/wp\/v2\/types\/product"}],"replies":[{"embeddable":true,"href":"https:\/\/www.sklep.wwagencja.pl\/index.php\/wp-json\/wp\/v2\/comments?post=76"}],"wp:featuredmedia":[{"embeddable":true,"href":"https:\/\/www.sklep.wwagencja.pl\/index.php\/wp-json\/wp\/v2\/media\/86"}],"wp:attachment":[{"href":"https:\/\/www.sklep.wwagencja.pl\/index.php\/wp-json\/wp\/v2\/media?parent=76"}],"wp:term":[{"taxonomy":"product_cat","embeddable":true,"href":"https:\/\/www.sklep.wwagencja.pl\/index.php\/wp-json\/wp\/v2\/product_cat?post=76"},{"taxonomy":"product_tag","embeddable":true,"href":"https:\/\/www.sklep.wwagencja.pl\/index.php\/wp-json\/wp\/v2\/product_tag?post=76"}],"curies":[{"name":"wp","href":"https:\/\/api.w.org\/{rel}","templated":true}]}}